{"id":707,"date":"2026-02-02T12:29:07","date_gmt":"2026-02-02T11:29:07","guid":{"rendered":"https:\/\/doctorahamdan.com\/nosotros\/"},"modified":"2026-04-10T12:45:08","modified_gmt":"2026-04-10T11:45:08","slug":"nosaltres","status":"publish","type":"page","link":"https:\/\/doctorahamdan.com\/ca\/nosaltres\/","title":{"rendered":"Nosaltres"},"content":{"rendered":"\n<style type=\"text\/css\" data-created_by=\"avia_inline_auto\" id=\"style-css-av-ghm06-c337292ff96f21e844781b4a6ce04ed3\">\n.avia-section.av-ghm06-c337292ff96f21e844781b4a6ce04ed3{\nbackground-repeat:no-repeat;\nbackground-image:url(https:\/\/doctorahamdan.com\/wp-content\/uploads\/2026\/02\/despacho1.avif);\nbackground-position:50% 50%;\nbackground-attachment:scroll;\n}\n.avia-section.av-ghm06-c337292ff96f21e844781b4a6ce04ed3 .av-section-color-overlay{\nopacity:0.8;\nbackground-color:#22334c;\n}\n<\/style>\n<div id='av_section_1'  class='avia-section av-ghm06-c337292ff96f21e844781b4a6ce04ed3 main_color avia-section-default avia-no-border-styling  avia-builder-el-0  el_before_av_layout_row  avia-builder-el-first  avia-full-stretch avia-bg-style-scroll av-section-color-overlay-active av-minimum-height av-minimum-height-30 av-height-percent  container_wrap fullsize'  data-section-bg-repeat='stretch' data-av_minimum_height_pc='30' data-av_min_height_opt='percent'><div class=\"av-section-color-overlay-wrap\"><div class=\"av-section-color-overlay\"><\/div><div class='container av-section-cont-open' ><main  role=\"main\" itemprop=\"mainContentOfPage\"  class='template-page content  av-content-full alpha units'><div class='post-entry post-entry-type-page post-entry-707'><div class='entry-content-wrapper clearfix'>\n<div  class='flex_column av-friym-1d4c7cc14957d90f7221c200a1e4ccdf av_one_half  avia-builder-el-1  el_before_av_one_half  avia-builder-el-first  first flex_column_div  '     ><style type=\"text\/css\" data-created_by=\"avia_inline_auto\" id=\"style-css-av-ml9779se-a7204b7a3378517e93600382efc69b19\">\n#top .av-special-heading.av-ml9779se-a7204b7a3378517e93600382efc69b19{\npadding-bottom:10px;\ncolor:#ffffff;\n}\nbody .av-special-heading.av-ml9779se-a7204b7a3378517e93600382efc69b19 .av-special-heading-tag .heading-char{\nfont-size:25px;\n}\n.av-special-heading.av-ml9779se-a7204b7a3378517e93600382efc69b19 .special-heading-inner-border{\nborder-color:#ffffff;\n}\n.av-special-heading.av-ml9779se-a7204b7a3378517e93600382efc69b19 .av-subheading{\nfont-size:23px;\ncolor:#f9b53f;\n}\n<\/style>\n<div  class='av-special-heading av-ml9779se-a7204b7a3378517e93600382efc69b19 av-special-heading-h1 custom-color-heading blockquote modern-quote  avia-builder-el-2  avia-builder-el-no-sibling  shadow invalid-custom-class-found'><div class='av_custom_color av-subheading av-subheading_above'><p>Atenci\u00f3 m\u00e8dica especialitzada i propera<\/p>\n<\/div><h1 class='av-special-heading-tag '  itemprop=\"headline\"  >Sobre nosaltres<\/h1><div class=\"special-heading-border\"><div class=\"special-heading-inner-border\"><\/div><\/div><\/div><\/div><div  class='flex_column av-f0fkq-ec1bf5d6f1ee63cd7181caf41d6b1f83 av_one_half  avia-builder-el-3  el_after_av_one_half  avia-builder-el-last  flex_column_div  '     ><\/div><\/div><\/div><\/main><!-- close content main element --><\/div><\/div><\/div><div id='av-layout-grid-1'  class='av-layout-grid-container av-ml978dr9-cd72908466c34ed4a220f37faab3b685 entry-content-wrapper main_color av-flex-cells  avia-builder-el-4  el_after_av_section  el_before_av_section  max_width grid-row-not-first  container_wrap fullsize'  >\n\n<style type=\"text\/css\" data-created_by=\"avia_inline_auto\" id=\"style-css-av-es26q-58e7c970248e2ef99931b693bc87bc6d\">\n.flex_cell.av-es26q-58e7c970248e2ef99931b693bc87bc6d{\nvertical-align:top;\n}\n.responsive #top #wrap_all .flex_cell.av-es26q-58e7c970248e2ef99931b693bc87bc6d{\npadding:70px 30px 70px 30px !important;\n}\n<\/style>\n<div class='flex_cell av-es26q-58e7c970248e2ef99931b693bc87bc6d av-gridrow-cell av_one_half no_margin  avia-builder-el-5  el_before_av_cell_one_half  avia-builder-el-first  content-align-top'  ><div class='flex_cell_inner'><div class='flex_column_table av-18jvm-359c1a28ff27944be58fad8000b0857d sc-av_one_full av-equal-height-column-flextable'><div  class='flex_column av-18jvm-359c1a28ff27944be58fad8000b0857d av_one_full  avia-builder-el-6  avia-builder-el-no-sibling  first flex_column_table_cell av-equal-height-column av-align-middle av-animated-generic left-to-right  '     ><p>\n<style type=\"text\/css\" data-created_by=\"avia_inline_auto\" id=\"style-css-av-ml976ndk-c28745f9658b17453eee29d992aeb961\">\n#top .av-special-heading.av-ml976ndk-c28745f9658b17453eee29d992aeb961{\npadding-bottom:10px;\ncolor:#33496b;\n}\nbody .av-special-heading.av-ml976ndk-c28745f9658b17453eee29d992aeb961 .av-special-heading-tag .heading-char{\nfont-size:25px;\n}\n.av-special-heading.av-ml976ndk-c28745f9658b17453eee29d992aeb961 .special-heading-inner-border{\nborder-color:#33496b;\n}\n.av-special-heading.av-ml976ndk-c28745f9658b17453eee29d992aeb961 .av-subheading{\nfont-size:23px;\ncolor:#f9b53f;\n}\n<\/style>\n<div  class='av-special-heading av-ml976ndk-c28745f9658b17453eee29d992aeb961 av-special-heading-h2 custom-color-heading blockquote modern-quote  avia-builder-el-7  el_before_av_textblock  avia-builder-el-first '><div class='av_custom_color av-subheading av-subheading_above'><p>Otorinolaring\u00f2loga i cirurgiana<\/p>\n<\/div><h2 class='av-special-heading-tag '  itemprop=\"headline\"  >Dra. Miriam Hamdan Zavarce<\/h2><div class=\"special-heading-border\"><div class=\"special-heading-inner-border\"><\/div><\/div><\/div><br \/>\n<section  class='av_textblock_section av-ml977phy-b4aa8a97125b65559fb88810558f3ae4 '   itemscope=\"itemscope\" itemtype=\"https:\/\/schema.org\/CreativeWork\" ><div class='avia_textblock'  itemprop=\"text\" ><p>La Dra. Miriam Hamdan Zavarce \u00e9s especialista en otorinolaringologia, dedicada al diagn\u00f2stic i tractament integral de les patologies de l&#8217;o\u00efda, el nas, la gola i la veu. La pr\u00e0ctica cl\u00ednica es basa en una atenci\u00f3 m\u00e8dica rigorosa, personalitzada i recolzada en tecnologia diagn\u00f2stica i terap\u00e8utica avan\u00e7ada.<\/p>\n<p>El seu enfocament combina precisi\u00f3 m\u00e8dica, tractament hum\u00e0 i una valoraci\u00f3 individualitzada de cada pacient, amb l&#8217;objectiu d&#8217;oferir solucions eficaces i segures adaptades a cada cas cl\u00ednic.<\/p>\n<p>Compte amb <strong>n\u00famero de col\u00b7legiada 50.364<\/strong>, exercint la seva activitat d&#8217;acord amb els est\u00e0ndards m\u00e8dics i \u00e8tics de l&#8217;especialitat.<\/p>\n<\/div><\/section><br \/>\n<div  class='avia-buttonrow-wrap av-mlaqaqzv-fc3478e8bfebd7f7dcde26b88c4ac89f avia-buttonrow-left  avia-builder-el-9  el_after_av_textblock  avia-builder-el-last  btn_gradient'>\n\n<style type=\"text\/css\" data-created_by=\"avia_inline_auto\" id=\"style-css-av-mlaqapfy-d74fe1f5fe9f51531399092e99dc1b2e\">\n#top #wrap_all .avia-button.av-mlaqapfy-d74fe1f5fe9f51531399092e99dc1b2e{\nbackground-color:#ffe888;\nbackground:linear-gradient( to bottom, #ffe888, #f7bd59, #f9b53f );\ncolor:#22334c;\nborder-style:none;\ntransition:all 0.4s ease-in-out;\nmargin-bottom:5px;\nmargin-right:5px;\n}\n#top #wrap_all .avia-button.av-mlaqapfy-d74fe1f5fe9f51531399092e99dc1b2e:hover{\nopacity:0.7;\ncolor:#22334c;\ntransition:all 0.4s ease-in-out;\n}\n#top #wrap_all .avia-button.av-mlaqapfy-d74fe1f5fe9f51531399092e99dc1b2e .avia-svg-icon svg:first-child{\nfill:#22334c;\nstroke:#22334c;\n}\n#top #wrap_all .avia-button.av-mlaqapfy-d74fe1f5fe9f51531399092e99dc1b2e:hover .avia-svg-icon svg:first-child{\nfill:#22334c;\nstroke:#22334c;\n}\n<\/style>\n<a href='https:\/\/doctorahamdan.com\/ca\/contacto\/'  class='avia-button av-mlaqapfy-d74fe1f5fe9f51531399092e99dc1b2e avia-icon_select-no avia-size-large'   aria-label=\"Contacta\"><span class='avia_iconbox_title' >Contacta<\/span><\/a>\n\n<style type=\"text\/css\" data-created_by=\"avia_inline_auto\" id=\"style-css-av-44h6-42c50b9a38231799bf034e28af13cdea\">\n#top #wrap_all .avia-button.av-44h6-42c50b9a38231799bf034e28af13cdea{\nbackground-color:#2f5d85;\nbackground:linear-gradient( to bottom, #2f5d85, #345270, #274e6f );\nborder-style:none;\ntransition:all 0.4s ease-in-out;\nmargin-bottom:5px;\nmargin-right:5px;\n}\n#top #wrap_all .avia-button.av-44h6-42c50b9a38231799bf034e28af13cdea:hover{\nopacity:0.7;\ncolor:white;\ntransition:all 0.4s ease-in-out;\n}\n#top #wrap_all .avia-button.av-44h6-42c50b9a38231799bf034e28af13cdea:hover .avia-svg-icon svg:first-child{\nfill:white;\nstroke:white;\n}\n<\/style>\n<a href='https:\/\/app.proclinica.es\/client-portal\/Cl%C3%ADnica%20ORL%20Bonanova\/ec88fc82-d467-4b79-bcfc-06b09186c5cf\/office\/201'  class='avia-button av-44h6-42c50b9a38231799bf034e28af13cdea avia-icon_select-no avia-size-large avia-font-color-theme-color'  target=\"_blank\"  rel=\"noopener noreferrer\"  aria-label=\"Demana Cita\"><span class='avia_iconbox_title' >Demana Cita<\/span><\/a>\n<\/div><\/p><\/div><\/div><!--close column table wrapper. Autoclose: 1 -->\n<\/div><\/div>\n<style type=\"text\/css\" data-created_by=\"avia_inline_auto\" id=\"style-css-av-4odu-fbfe88ed827f1a95fdef24582a2a7819\">\n.flex_cell.av-4odu-fbfe88ed827f1a95fdef24582a2a7819{\nvertical-align:top;\n}\n.responsive #top #wrap_all .flex_cell.av-4odu-fbfe88ed827f1a95fdef24582a2a7819{\npadding:70px 30px 70px 30px !important;\n}\n<\/style>\n<div class='flex_cell av-4odu-fbfe88ed827f1a95fdef24582a2a7819 av-gridrow-cell av_one_half no_margin  avia-builder-el-10  el_after_av_cell_one_half  avia-builder-el-last  content-align-top'  ><div class='flex_cell_inner'><div  class='flex_column av-e6wdq-a6d507b82bf07c95e7ba81615bb3babc av_one_full  avia-builder-el-11  avia-builder-el-no-sibling  first flex_column_div av-animated-generic right-to-left  '     ><style type=\"text\/css\" data-created_by=\"avia_inline_auto\" id=\"style-css-av-deh2u-2b8317ddf91b7ef05630c48756340c23\">\n.avia-image-container.av-deh2u-2b8317ddf91b7ef05630c48756340c23 img.avia_image{\nbox-shadow:none;\n}\n.avia-image-container.av-deh2u-2b8317ddf91b7ef05630c48756340c23 .av-image-caption-overlay-center{\ncolor:#ffffff;\n}\n<\/style>\n<div  class='avia-image-container av-deh2u-2b8317ddf91b7ef05630c48756340c23 av-styling- avia-align-center  avia-builder-el-12  avia-builder-el-no-sibling '   itemprop=\"image\" itemscope=\"itemscope\" itemtype=\"https:\/\/schema.org\/ImageObject\" ><div class=\"avia-image-container-inner\"><div class=\"avia-image-overlay-wrap\"><img decoding=\"async\" fetchpriority=\"high\" class='wp-image-415 avia-img-lazy-loading-not-415 avia_image ' src=\"https:\/\/doctorahamdan.com\/wp-content\/uploads\/2026\/02\/dra_miriam2.avif\" alt='' title='Screenshot'  height=\"666\" width=\"1200\"  itemprop=\"thumbnailUrl\"  \/><\/div><\/div><\/div><\/div>\n<\/div><\/div>\n<\/div><\/p>\n\n<style type=\"text\/css\" data-created_by=\"avia_inline_auto\" id=\"style-css-av-1iv0q-5b5ce5b359172901b9b3bc7ec44dc1b5\">\n.avia-section.av-1iv0q-5b5ce5b359172901b9b3bc7ec44dc1b5{\nbackground-color:#f7f7f7;\nbackground-image:unset;\n}\n<\/style>\n<div id='av_section_2'  class='avia-section av-1iv0q-5b5ce5b359172901b9b3bc7ec44dc1b5 main_color avia-section-default avia-no-border-styling  avia-builder-el-13  el_after_av_layout_row  avia-builder-el-last  avia-bg-style-scroll container_wrap fullsize'  ><div class='container av-section-cont-open' ><div class='template-page content  av-content-full alpha units'><div class='post-entry post-entry-type-page post-entry-707'><div class='entry-content-wrapper clearfix'>\n<div  class='flex_column av-ml97uvl8-fbf0eae48406c8a7b2c873e7885730c9 av_one_full  avia-builder-el-14  avia-builder-el-no-sibling  first flex_column_div av-animated-generic bottom-to-top  '     ><div id='av-masonry-1' class='av-masonry av-zlyq-a5cce343b80aa808c1b24a781c14c0b3 noHover av-flex-size av-large-gap av-hover-overlay- av-masonry-animation-active av-masonry-col-3 av-caption-always av-caption-style- av-masonry-gallery ' data-post_id=\"707\"><div class=\"av-masonry-container isotope av-js-disabled\"><div class='av-masonry-entry isotope-item av-masonry-item-no-image '><\/div><a href=\"https:\/\/doctorahamdan.com\/wp-content\/uploads\/2026\/02\/tratamiento-1024x568.jpg\" data-srcset=\"https:\/\/doctorahamdan.com\/wp-content\/uploads\/2026\/02\/tratamiento-1024x568.jpg 1024w, https:\/\/doctorahamdan.com\/wp-content\/uploads\/2026\/02\/tratamiento-300x167.jpg 300w, https:\/\/doctorahamdan.com\/wp-content\/uploads\/2026\/02\/tratamiento-768x426.jpg 768w, https:\/\/doctorahamdan.com\/wp-content\/uploads\/2026\/02\/tratamiento-705x391.jpg 705w, https:\/\/doctorahamdan.com\/wp-content\/uploads\/2026\/02\/tratamiento.jpg 1200w\" data-sizes=\"(max-width: 1024px) 100vw, 1024px\"  aria-label=\"image Screenshot\"  id='av-masonry-1-item-432' data-av-masonry-item='432' class='av-masonry-entry isotope-item post-432 attachment type-attachment status-inherit hentry  av-masonry-item-with-image' title=\"Screenshot\" alt=\"\"    itemprop=\"thumbnailUrl\" ><div class='av-inner-masonry-sizer'><\/div><figure class='av-inner-masonry main_color'><div class=\"av-masonry-outerimage-container\"><div class='av-masonry-image-container'  ><img decoding=\"async\" width=\"845\" height=\"666\" fetchpriority=\"high\" class=\"wp-image-432 avia-img-lazy-loading-not-432\"  src=\"https:\/\/doctorahamdan.com\/wp-content\/uploads\/2026\/02\/tratamiento-845x666.jpg\" title=\"Screenshot\" alt=\"\" \/><\/div><\/div><\/figure><\/a><!--end av-masonry entry--><a href=\"https:\/\/doctorahamdan.com\/wp-content\/uploads\/2026\/02\/despacho5-1024x568.jpg\" data-srcset=\"https:\/\/doctorahamdan.com\/wp-content\/uploads\/2026\/02\/despacho5-1024x568.jpg 1024w, https:\/\/doctorahamdan.com\/wp-content\/uploads\/2026\/02\/despacho5-300x167.jpg 300w, https:\/\/doctorahamdan.com\/wp-content\/uploads\/2026\/02\/despacho5-768x426.jpg 768w, https:\/\/doctorahamdan.com\/wp-content\/uploads\/2026\/02\/despacho5-705x391.jpg 705w, https:\/\/doctorahamdan.com\/wp-content\/uploads\/2026\/02\/despacho5.jpg 1200w\" data-sizes=\"(max-width: 1024px) 100vw, 1024px\"  aria-label=\"image Screenshot\"  id='av-masonry-1-item-418' data-av-masonry-item='418' class='av-masonry-entry isotope-item post-418 attachment type-attachment status-inherit hentry  av-masonry-item-with-image' title=\"Screenshot\" alt=\"\"    itemprop=\"thumbnailUrl\" ><div class='av-inner-masonry-sizer'><\/div><figure class='av-inner-masonry main_color'><div class=\"av-masonry-outerimage-container\"><div class='av-masonry-image-container'  ><img decoding=\"async\" width=\"845\" height=\"666\" fetchpriority=\"high\" class=\"wp-image-418 avia-img-lazy-loading-not-418\"  src=\"https:\/\/doctorahamdan.com\/wp-content\/uploads\/2026\/02\/despacho5-845x666.jpg\" title=\"Screenshot\" alt=\"\" \/><\/div><\/div><\/figure><\/a><!--end av-masonry entry--><a href=\"https:\/\/doctorahamdan.com\/wp-content\/uploads\/2026\/02\/despacho4-1024x568.jpg\" data-srcset=\"https:\/\/doctorahamdan.com\/wp-content\/uploads\/2026\/02\/despacho4-1024x568.jpg 1024w, https:\/\/doctorahamdan.com\/wp-content\/uploads\/2026\/02\/despacho4-300x167.jpg 300w, https:\/\/doctorahamdan.com\/wp-content\/uploads\/2026\/02\/despacho4-768x426.jpg 768w, https:\/\/doctorahamdan.com\/wp-content\/uploads\/2026\/02\/despacho4-705x391.jpg 705w, https:\/\/doctorahamdan.com\/wp-content\/uploads\/2026\/02\/despacho4.jpg 1200w\" data-sizes=\"(max-width: 1024px) 100vw, 1024px\"  aria-label=\"image Screenshot\"  id='av-masonry-1-item-420' data-av-masonry-item='420' class='av-masonry-entry isotope-item post-420 attachment type-attachment status-inherit hentry  av-masonry-item-with-image' title=\"Screenshot\" alt=\"\"    itemprop=\"thumbnailUrl\" ><div class='av-inner-masonry-sizer'><\/div><figure class='av-inner-masonry main_color'><div class=\"av-masonry-outerimage-container\"><div class='av-masonry-image-container'  ><img decoding=\"async\" width=\"845\" height=\"666\" fetchpriority=\"high\" class=\"wp-image-420 avia-img-lazy-loading-not-420\"  src=\"https:\/\/doctorahamdan.com\/wp-content\/uploads\/2026\/02\/despacho4-845x666.jpg\" title=\"Screenshot\" alt=\"\" \/><\/div><\/div><\/figure><\/a><!--end av-masonry entry--><a href=\"https:\/\/doctorahamdan.com\/wp-content\/uploads\/2026\/02\/despacho3-1024x568.jpg\" data-srcset=\"https:\/\/doctorahamdan.com\/wp-content\/uploads\/2026\/02\/despacho3-1024x568.jpg 1024w, https:\/\/doctorahamdan.com\/wp-content\/uploads\/2026\/02\/despacho3-300x167.jpg 300w, https:\/\/doctorahamdan.com\/wp-content\/uploads\/2026\/02\/despacho3-768x426.jpg 768w, https:\/\/doctorahamdan.com\/wp-content\/uploads\/2026\/02\/despacho3-705x391.jpg 705w, https:\/\/doctorahamdan.com\/wp-content\/uploads\/2026\/02\/despacho3.jpg 1200w\" data-sizes=\"(max-width: 1024px) 100vw, 1024px\"  aria-label=\"image Screenshot\"  id='av-masonry-1-item-422' data-av-masonry-item='422' class='av-masonry-entry isotope-item post-422 attachment type-attachment status-inherit hentry  av-masonry-item-with-image' title=\"Screenshot\" alt=\"\"    itemprop=\"thumbnailUrl\" ><div class='av-inner-masonry-sizer'><\/div><figure class='av-inner-masonry main_color'><div class=\"av-masonry-outerimage-container\"><div class='av-masonry-image-container'  ><img decoding=\"async\" width=\"845\" height=\"666\" fetchpriority=\"high\" class=\"wp-image-422 avia-img-lazy-loading-not-422\"  src=\"https:\/\/doctorahamdan.com\/wp-content\/uploads\/2026\/02\/despacho3-845x666.jpg\" title=\"Screenshot\" alt=\"\" \/><\/div><\/div><\/figure><\/a><!--end av-masonry entry--><a href=\"https:\/\/doctorahamdan.com\/wp-content\/uploads\/2026\/02\/despacho2-1024x568.jpg\" data-srcset=\"https:\/\/doctorahamdan.com\/wp-content\/uploads\/2026\/02\/despacho2-1024x568.jpg 1024w, https:\/\/doctorahamdan.com\/wp-content\/uploads\/2026\/02\/despacho2-300x167.jpg 300w, https:\/\/doctorahamdan.com\/wp-content\/uploads\/2026\/02\/despacho2-768x426.jpg 768w, https:\/\/doctorahamdan.com\/wp-content\/uploads\/2026\/02\/despacho2-705x391.jpg 705w, https:\/\/doctorahamdan.com\/wp-content\/uploads\/2026\/02\/despacho2.jpg 1200w\" data-sizes=\"(max-width: 1024px) 100vw, 1024px\"  aria-label=\"image Screenshot\"  id='av-masonry-1-item-424' data-av-masonry-item='424' class='av-masonry-entry isotope-item post-424 attachment type-attachment status-inherit hentry  av-masonry-item-with-image' title=\"Screenshot\" alt=\"\"    itemprop=\"thumbnailUrl\" ><div class='av-inner-masonry-sizer'><\/div><figure class='av-inner-masonry main_color'><div class=\"av-masonry-outerimage-container\"><div class='av-masonry-image-container'  ><img decoding=\"async\" width=\"845\" height=\"666\" fetchpriority=\"high\" class=\"wp-image-424 avia-img-lazy-loading-not-424\"  src=\"https:\/\/doctorahamdan.com\/wp-content\/uploads\/2026\/02\/despacho2-845x666.jpg\" title=\"Screenshot\" alt=\"\" \/><\/div><\/div><\/figure><\/a><!--end av-masonry entry--><a href=\"https:\/\/doctorahamdan.com\/wp-content\/uploads\/2026\/02\/despacho1-1024x568.jpg\" data-srcset=\"https:\/\/doctorahamdan.com\/wp-content\/uploads\/2026\/02\/despacho1-1024x568.jpg 1024w, https:\/\/doctorahamdan.com\/wp-content\/uploads\/2026\/02\/despacho1-300x167.jpg 300w, https:\/\/doctorahamdan.com\/wp-content\/uploads\/2026\/02\/despacho1-768x426.jpg 768w, https:\/\/doctorahamdan.com\/wp-content\/uploads\/2026\/02\/despacho1-705x391.jpg 705w, https:\/\/doctorahamdan.com\/wp-content\/uploads\/2026\/02\/despacho1.jpg 1200w\" data-sizes=\"(max-width: 1024px) 100vw, 1024px\"  aria-label=\"image Screenshot\"  id='av-masonry-1-item-426' data-av-masonry-item='426' class='av-masonry-entry isotope-item post-426 attachment type-attachment status-inherit hentry  av-masonry-item-with-image' title=\"Screenshot\" alt=\"\"    itemprop=\"thumbnailUrl\" ><div class='av-inner-masonry-sizer'><\/div><figure class='av-inner-masonry main_color'><div class=\"av-masonry-outerimage-container\"><div class='av-masonry-image-container'  ><img decoding=\"async\" width=\"845\" height=\"666\" fetchpriority=\"high\" class=\"wp-image-426 avia-img-lazy-loading-not-426\"  src=\"https:\/\/doctorahamdan.com\/wp-content\/uploads\/2026\/02\/despacho1-845x666.jpg\" title=\"Screenshot\" alt=\"\" \/><\/div><\/div><\/figure><\/a><!--end av-masonry entry--><\/div><\/div><\/div>\n\n","protected":false},"excerpt":{"rendered":"","protected":false},"author":1,"featured_media":0,"parent":0,"menu_order":0,"comment_status":"closed","ping_status":"closed","template":"","meta":{"footnotes":""},"class_list":["post-707","page","type-page","status-publish","hentry"],"yoast_head":"<!-- This site is optimized with the Yoast SEO plugin v27.4 - https:\/\/yoast.com\/product\/yoast-seo-wordpress\/ -->\n<title>Sobre nosotros - Dra. Miriam Hamdan<\/title>\n<meta name=\"description\" content=\"Conozca a la Dra. Miriam Hamdan, otorrinolaring\u00f3loga y cirujana. Atenci\u00f3n m\u00e9dica especializada y personalizada en Barcelona.\" \/>\n<meta name=\"robots\" content=\"index, follow, max-snippet:-1, max-image-preview:large, max-video-preview:-1\" \/>\n<link rel=\"canonical\" href=\"https:\/\/doctorahamdan.com\/ca\/nosaltres\/\" \/>\n<meta property=\"og:locale\" content=\"ca_ES\" \/>\n<meta property=\"og:type\" content=\"article\" \/>\n<meta property=\"og:title\" content=\"Sobre nosotros - Dra. Miriam Hamdan\" \/>\n<meta property=\"og:description\" content=\"Conozca a la Dra. Miriam Hamdan, otorrinolaring\u00f3loga y cirujana. Atenci\u00f3n m\u00e9dica especializada y personalizada en Barcelona.\" \/>\n<meta property=\"og:url\" content=\"https:\/\/doctorahamdan.com\/ca\/nosaltres\/\" \/>\n<meta property=\"og:site_name\" content=\"Dra. Miriam Hamdan\" \/>\n<meta property=\"article:modified_time\" content=\"2026-04-10T11:45:08+00:00\" \/>\n<meta name=\"twitter:card\" content=\"summary_large_image\" \/>\n<meta name=\"twitter:label1\" content=\"Temps estimat de lectura\" \/>\n\t<meta name=\"twitter:data1\" content=\"2 minuts\" \/>\n<script type=\"application\/ld+json\" class=\"yoast-schema-graph\">{\"@context\":\"https:\\\/\\\/schema.org\",\"@graph\":[{\"@type\":\"WebPage\",\"@id\":\"https:\\\/\\\/doctorahamdan.com\\\/ca\\\/nosaltres\\\/\",\"url\":\"https:\\\/\\\/doctorahamdan.com\\\/ca\\\/nosaltres\\\/\",\"name\":\"Sobre nosotros - Dra. Miriam Hamdan\",\"isPartOf\":{\"@id\":\"https:\\\/\\\/doctorahamdan.com\\\/ca\\\/#website\"},\"datePublished\":\"2026-02-02T11:29:07+00:00\",\"dateModified\":\"2026-04-10T11:45:08+00:00\",\"description\":\"Conozca a la Dra. Miriam Hamdan, otorrinolaring\u00f3loga y cirujana. Atenci\u00f3n m\u00e9dica especializada y personalizada en Barcelona.\",\"breadcrumb\":{\"@id\":\"https:\\\/\\\/doctorahamdan.com\\\/ca\\\/nosaltres\\\/#breadcrumb\"},\"inLanguage\":\"ca\",\"potentialAction\":[{\"@type\":\"ReadAction\",\"target\":[\"https:\\\/\\\/doctorahamdan.com\\\/ca\\\/nosaltres\\\/\"]}]},{\"@type\":\"BreadcrumbList\",\"@id\":\"https:\\\/\\\/doctorahamdan.com\\\/ca\\\/nosaltres\\\/#breadcrumb\",\"itemListElement\":[{\"@type\":\"ListItem\",\"position\":1,\"name\":\"Portada\",\"item\":\"https:\\\/\\\/doctorahamdan.com\\\/ca\\\/inici\\\/\"},{\"@type\":\"ListItem\",\"position\":2,\"name\":\"Nosaltres\"}]},{\"@type\":\"WebSite\",\"@id\":\"https:\\\/\\\/doctorahamdan.com\\\/ca\\\/#website\",\"url\":\"https:\\\/\\\/doctorahamdan.com\\\/ca\\\/\",\"name\":\"Dra. Miriam Hamdan\",\"description\":\"\",\"potentialAction\":[{\"@type\":\"SearchAction\",\"target\":{\"@type\":\"EntryPoint\",\"urlTemplate\":\"https:\\\/\\\/doctorahamdan.com\\\/ca\\\/?s={search_term_string}\"},\"query-input\":{\"@type\":\"PropertyValueSpecification\",\"valueRequired\":true,\"valueName\":\"search_term_string\"}}],\"inLanguage\":\"ca\"}]}<\/script>\n<!-- \/ Yoast SEO plugin. -->","yoast_head_json":{"title":"Sobre nosotros - Dra. Miriam Hamdan","description":"Conozca a la Dra. Miriam Hamdan, otorrinolaring\u00f3loga y cirujana. Atenci\u00f3n m\u00e9dica especializada y personalizada en Barcelona.","robots":{"index":"index","follow":"follow","max-snippet":"max-snippet:-1","max-image-preview":"max-image-preview:large","max-video-preview":"max-video-preview:-1"},"canonical":"https:\/\/doctorahamdan.com\/ca\/nosaltres\/","og_locale":"ca_ES","og_type":"article","og_title":"Sobre nosotros - Dra. Miriam Hamdan","og_description":"Conozca a la Dra. Miriam Hamdan, otorrinolaring\u00f3loga y cirujana. Atenci\u00f3n m\u00e9dica especializada y personalizada en Barcelona.","og_url":"https:\/\/doctorahamdan.com\/ca\/nosaltres\/","og_site_name":"Dra. Miriam Hamdan","article_modified_time":"2026-04-10T11:45:08+00:00","twitter_card":"summary_large_image","twitter_misc":{"Temps estimat de lectura":"2 minuts"},"schema":{"@context":"https:\/\/schema.org","@graph":[{"@type":"WebPage","@id":"https:\/\/doctorahamdan.com\/ca\/nosaltres\/","url":"https:\/\/doctorahamdan.com\/ca\/nosaltres\/","name":"Sobre nosotros - Dra. Miriam Hamdan","isPartOf":{"@id":"https:\/\/doctorahamdan.com\/ca\/#website"},"datePublished":"2026-02-02T11:29:07+00:00","dateModified":"2026-04-10T11:45:08+00:00","description":"Conozca a la Dra. Miriam Hamdan, otorrinolaring\u00f3loga y cirujana. Atenci\u00f3n m\u00e9dica especializada y personalizada en Barcelona.","breadcrumb":{"@id":"https:\/\/doctorahamdan.com\/ca\/nosaltres\/#breadcrumb"},"inLanguage":"ca","potentialAction":[{"@type":"ReadAction","target":["https:\/\/doctorahamdan.com\/ca\/nosaltres\/"]}]},{"@type":"BreadcrumbList","@id":"https:\/\/doctorahamdan.com\/ca\/nosaltres\/#breadcrumb","itemListElement":[{"@type":"ListItem","position":1,"name":"Portada","item":"https:\/\/doctorahamdan.com\/ca\/inici\/"},{"@type":"ListItem","position":2,"name":"Nosaltres"}]},{"@type":"WebSite","@id":"https:\/\/doctorahamdan.com\/ca\/#website","url":"https:\/\/doctorahamdan.com\/ca\/","name":"Dra. Miriam Hamdan","description":"","potentialAction":[{"@type":"SearchAction","target":{"@type":"EntryPoint","urlTemplate":"https:\/\/doctorahamdan.com\/ca\/?s={search_term_string}"},"query-input":{"@type":"PropertyValueSpecification","valueRequired":true,"valueName":"search_term_string"}}],"inLanguage":"ca"}]}},"_links":{"self":[{"href":"https:\/\/doctorahamdan.com\/ca\/wp-json\/wp\/v2\/pages\/707","targetHints":{"allow":["GET"]}}],"collection":[{"href":"https:\/\/doctorahamdan.com\/ca\/wp-json\/wp\/v2\/pages"}],"about":[{"href":"https:\/\/doctorahamdan.com\/ca\/wp-json\/wp\/v2\/types\/page"}],"author":[{"embeddable":true,"href":"https:\/\/doctorahamdan.com\/ca\/wp-json\/wp\/v2\/users\/1"}],"replies":[{"embeddable":true,"href":"https:\/\/doctorahamdan.com\/ca\/wp-json\/wp\/v2\/comments?post=707"}],"version-history":[{"count":6,"href":"https:\/\/doctorahamdan.com\/ca\/wp-json\/wp\/v2\/pages\/707\/revisions"}],"predecessor-version":[{"id":896,"href":"https:\/\/doctorahamdan.com\/ca\/wp-json\/wp\/v2\/pages\/707\/revisions\/896"}],"wp:attachment":[{"href":"https:\/\/doctorahamdan.com\/ca\/wp-json\/wp\/v2\/media?parent=707"}],"curies":[{"name":"wp","href":"https:\/\/api.w.org\/{rel}","templated":true}]}}