{"id":753,"date":"2026-02-02T12:27:24","date_gmt":"2026-02-02T11:27:24","guid":{"rendered":"https:\/\/doctorahamdan.com\/telemedicina\/"},"modified":"2026-04-10T12:57:36","modified_gmt":"2026-04-10T11:57:36","slug":"telemedicine","status":"publish","type":"page","link":"https:\/\/doctorahamdan.com\/en\/telemedicine\/","title":{"rendered":"Telemedicine"},"content":{"rendered":"\n<style type=\"text\/css\" data-created_by=\"avia_inline_auto\" id=\"style-css-av-mlz1ugfu-dbdb213b9b100ff78bb1b71b17982327\">\n.avia-section.av-mlz1ugfu-dbdb213b9b100ff78bb1b71b17982327{\nbackground-repeat:no-repeat;\nbackground-image:url(https:\/\/doctorahamdan.com\/wp-content\/uploads\/2026\/02\/despacho3.avif);\nbackground-position:50% 50%;\nbackground-attachment:scroll;\n}\n.avia-section.av-mlz1ugfu-dbdb213b9b100ff78bb1b71b17982327 .av-section-color-overlay{\nopacity:0.8;\nbackground-color:#22334c;\n}\n<\/style>\n<div id='av_section_1'  class='avia-section av-mlz1ugfu-dbdb213b9b100ff78bb1b71b17982327 main_color avia-section-default avia-no-border-styling  avia-builder-el-0  el_before_av_section  avia-builder-el-first  avia-full-stretch avia-bg-style-scroll av-section-color-overlay-active av-minimum-height av-minimum-height-30 av-height-percent  container_wrap fullsize'  data-section-bg-repeat='stretch' data-av_minimum_height_pc='30' data-av_min_height_opt='percent'><div class=\"av-section-color-overlay-wrap\"><div class=\"av-section-color-overlay\"><\/div><div class='container av-section-cont-open' ><main  role=\"main\" itemprop=\"mainContentOfPage\"  class='template-page content  av-content-full alpha units'><div class='post-entry post-entry-type-page post-entry-753'><div class='entry-content-wrapper clearfix'>\n<div  class='flex_column av-bhim-781c2180987678f4f30fb69670376970 av_one_half  avia-builder-el-1  el_before_av_one_half  avia-builder-el-first  first flex_column_div  '     ><style type=\"text\/css\" data-created_by=\"avia_inline_auto\" id=\"style-css-av-mlz1tvff-8192d52b34eedbd5e0d9979b4b96a8c6\">\n#top .av-special-heading.av-mlz1tvff-8192d52b34eedbd5e0d9979b4b96a8c6{\npadding-bottom:10px;\ncolor:#ffffff;\n}\nbody .av-special-heading.av-mlz1tvff-8192d52b34eedbd5e0d9979b4b96a8c6 .av-special-heading-tag .heading-char{\nfont-size:25px;\n}\n.av-special-heading.av-mlz1tvff-8192d52b34eedbd5e0d9979b4b96a8c6 .special-heading-inner-border{\nborder-color:#ffffff;\n}\n.av-special-heading.av-mlz1tvff-8192d52b34eedbd5e0d9979b4b96a8c6 .av-subheading{\nfont-size:23px;\ncolor:#f9b53f;\n}\n<\/style>\n<div  class='av-special-heading av-mlz1tvff-8192d52b34eedbd5e0d9979b4b96a8c6 av-special-heading-h1 custom-color-heading blockquote modern-quote  avia-builder-el-2  avia-builder-el-no-sibling  shadow invalid-custom-class-found'><div class='av_custom_color av-subheading av-subheading_above'><p>Secure Online Medical Care<\/p>\n<\/div><h1 class='av-special-heading-tag '  itemprop=\"headline\"  >Telemedicine<\/h1><div class=\"special-heading-border\"><div class=\"special-heading-inner-border\"><\/div><\/div><\/div><\/div><div  class='flex_column av-2har2-756786ce793da8fa10e1ff08d24b6e9c av_one_half  avia-builder-el-3  el_after_av_one_half  avia-builder-el-last  flex_column_div  '     ><\/div><\/div><\/div><\/main><!-- close content main element --><\/div><\/div><\/div><div id='av_section_2'  class='avia-section av-2dc2y-8ff440be7fad94566920e5a0c9ee300a main_color avia-section-default avia-no-border-styling  avia-builder-el-4  el_after_av_section  el_before_av_section  avia-bg-style-scroll container_wrap fullsize'  ><div class='container av-section-cont-open' ><div class='template-page content  av-content-full alpha units'><div class='post-entry post-entry-type-page post-entry-753'><div class='entry-content-wrapper clearfix'>\n<div  class='flex_column av-1op76-39a09b3735478c0a93c914d675dcc44c av_one_half  avia-builder-el-5  el_before_av_one_half  avia-builder-el-first  first flex_column_div av-animated-generic left-to-right  '     ><p>\n<style type=\"text\/css\" data-created_by=\"avia_inline_auto\" id=\"style-css-av-mlz1uync-d9fbd8516cce1eb02962cd40337f4cd4\">\n#top .av-special-heading.av-mlz1uync-d9fbd8516cce1eb02962cd40337f4cd4{\npadding-bottom:10px;\ncolor:#33496b;\n}\nbody .av-special-heading.av-mlz1uync-d9fbd8516cce1eb02962cd40337f4cd4 .av-special-heading-tag .heading-char{\nfont-size:25px;\n}\n.av-special-heading.av-mlz1uync-d9fbd8516cce1eb02962cd40337f4cd4 .special-heading-inner-border{\nborder-color:#33496b;\n}\n.av-special-heading.av-mlz1uync-d9fbd8516cce1eb02962cd40337f4cd4 .av-subheading{\nfont-size:23px;\ncolor:#f9b53f;\n}\n<\/style>\n<div  class='av-special-heading av-mlz1uync-d9fbd8516cce1eb02962cd40337f4cd4 av-special-heading-h2 custom-color-heading blockquote modern-quote  avia-builder-el-6  el_before_av_textblock  avia-builder-el-first '><div class='av_custom_color av-subheading av-subheading_above'><p>Safety and Comfort<\/p>\n<\/div><h2 class='av-special-heading-tag '  itemprop=\"headline\"  >Specialized Online Care<\/h2><div class=\"special-heading-border\"><div class=\"special-heading-inner-border\"><\/div><\/div><\/div><br \/>\n<section  class='av_textblock_section av-mlz1wqbn-9c4b654af6a6978adc779375b723db1b '   itemscope=\"itemscope\" itemtype=\"https:\/\/schema.org\/CreativeWork\" ><div class='avia_textblock'  itemprop=\"text\" ><p>Receive the highest quality medical care from the comfort of your home, avoiding travel and helping to alleviate pressure on the healthcare system. Our online consultation is 100% secure, fast, and effective.<\/p>\n<\/div><\/section><\/p><\/div><div  class='flex_column av-12qay-d16805d29c588d271e92f2c0ef2cb5e4 av_one_half  avia-builder-el-8  el_after_av_one_half  avia-builder-el-last  flex_column_div av-animated-generic right-to-left  '     ><style type=\"text\/css\" data-created_by=\"avia_inline_auto\" id=\"style-css-av-mlz1x975-81890a6cc0b01ed4eac0451d20fb9542\">\n.avia-image-container.av-mlz1x975-81890a6cc0b01ed4eac0451d20fb9542 img.avia_image{\nbox-shadow:none;\n}\n.avia-image-container.av-mlz1x975-81890a6cc0b01ed4eac0451d20fb9542 .av-image-caption-overlay-center{\ncolor:#ffffff;\n}\n<\/style>\n<div  class='avia-image-container av-mlz1x975-81890a6cc0b01ed4eac0451d20fb9542 av-styling- avia-align-center  avia-builder-el-9  avia-builder-el-no-sibling '   itemprop=\"image\" itemscope=\"itemscope\" itemtype=\"https:\/\/schema.org\/ImageObject\" ><div class=\"avia-image-container-inner\"><div class=\"avia-image-overlay-wrap\"><img decoding=\"async\" fetchpriority=\"high\" class='wp-image-715 avia-img-lazy-loading-not-715 avia_image ' src=\"https:\/\/doctorahamdan.com\/wp-content\/uploads\/2026\/02\/despacho1.avif\" alt='' title='Screenshot'  height=\"666\" width=\"1200\"  itemprop=\"thumbnailUrl\"  \/><\/div><\/div><\/div><\/div>\n<\/p>\n<\/div><\/div><\/div><!-- close content main div --><\/div><\/div>\n<style type=\"text\/css\" data-created_by=\"avia_inline_auto\" id=\"style-css-av-mlz1ypnj-ce2188824fe7695ead17cfa1ae5b2db3\">\n.avia-section.av-mlz1ypnj-ce2188824fe7695ead17cfa1ae5b2db3{\nbackground-color:#f7f7f7;\nbackground-image:unset;\n}\n<\/style>\n<div id='av_section_3'  class='avia-section av-mlz1ypnj-ce2188824fe7695ead17cfa1ae5b2db3 main_color avia-section-default avia-no-border-styling  avia-builder-el-10  el_after_av_section  avia-builder-el-last  avia-bg-style-scroll container_wrap fullsize'  ><div class='container av-section-cont-open' ><div class='template-page content  av-content-full alpha units'><div class='post-entry post-entry-type-page post-entry-753'><div class='entry-content-wrapper clearfix'>\n<div  class='flex_column av-2llgi-23927e6e75e8ed7f516617fea0dce46e av_one_fifth  avia-builder-el-11  el_before_av_three_fifth  avia-builder-el-first  first flex_column_div  '     ><\/div><div  class='flex_column av-24pz2-37214835c3241a8627b893f5e2407cc1 av_three_fifth  avia-builder-el-12  el_after_av_one_fifth  el_before_av_one_fifth  flex_column_div av-animated-generic bottom-to-top  '     ><p>\n<style type=\"text\/css\" data-created_by=\"avia_inline_auto\" id=\"style-css-av-mlz1ztgh-459ae9a5ce373fdedb014d2b73bb3e7e\">\n#top .av-special-heading.av-mlz1ztgh-459ae9a5ce373fdedb014d2b73bb3e7e{\npadding-bottom:10px;\ncolor:#33496b;\n}\nbody .av-special-heading.av-mlz1ztgh-459ae9a5ce373fdedb014d2b73bb3e7e .av-special-heading-tag .heading-char{\nfont-size:25px;\n}\n.av-special-heading.av-mlz1ztgh-459ae9a5ce373fdedb014d2b73bb3e7e .special-heading-inner-border{\nborder-color:#33496b;\n}\n.av-special-heading.av-mlz1ztgh-459ae9a5ce373fdedb014d2b73bb3e7e .av-subheading{\nfont-size:23px;\ncolor:#f9b53f;\n}\n<\/style>\n<div  class='av-special-heading av-mlz1ztgh-459ae9a5ce373fdedb014d2b73bb3e7e av-special-heading-h2 custom-color-heading blockquote modern-quote modern-centered  avia-builder-el-13  el_before_av_textblock  avia-builder-el-first '><div class='av_custom_color av-subheading av-subheading_above'><p>Simple and Clear Process<\/p>\n<\/div><h2 class='av-special-heading-tag '  itemprop=\"headline\"  >How the Online Consultation Works<\/h2><div class=\"special-heading-border\"><div class=\"special-heading-inner-border\"><\/div><\/div><\/div><br \/>\n<section  class='av_textblock_section av-mlz20gq2-f6e560db701d3cec42b89fba66fd645e '   itemscope=\"itemscope\" itemtype=\"https:\/\/schema.org\/CreativeWork\" ><div class='avia_textblock'  itemprop=\"text\" ><p style=\"text-align: center;\">Book an appointment and receive personalized care with a video call.<\/p>\n<\/div><\/section><\/p><\/div><div  class='flex_column av-1fym6-0b8697aac1efe756f370bd923d17c3f8 av_one_fifth  avia-builder-el-15  el_after_av_three_fifth  el_before_av_one_full  flex_column_div  '     ><\/div><div  class='flex_column av-up12-eaf976a29570ad7651e5e7376ca5c108 av_one_full  avia-builder-el-16  el_after_av_one_fifth  el_before_av_one_full  first flex_column_div  column-top-margin'     ><style type=\"text\/css\" data-created_by=\"avia_inline_auto\" id=\"style-css-av-mlz22vsf-50b3e797c8d33799b4a34a8f1b5d5ce9\">\n.avia-timeline-container.av-mlz22vsf-50b3e797c8d33799b4a34a8f1b5d5ce9 .av-milestone-icon.milestone-icon-hasborder{\nbackground-color:#f9b53f;\n}\n.avia-timeline-container.av-mlz22vsf-50b3e797c8d33799b4a34a8f1b5d5ce9 .av-milestone-icon-inner{\nbackground-color:#22334c;\n}\n.avia-timeline-container.av-mlz22vsf-50b3e797c8d33799b4a34a8f1b5d5ce9 .av-milestone-indicator{\nbackground-color:#22334c;\n}\n.avia-timeline-container.av-mlz22vsf-50b3e797c8d33799b4a34a8f1b5d5ce9 .av-milestone-article-footer{\nbackground-color:#22334c;\n}\n<\/style>\n<div  id=\"avia-timeline-1\"  class='avia-timeline-container av-mlz22vsf-50b3e797c8d33799b4a34a8f1b5d5ce9 av-slideshow-ui  avia-builder-el-17  avia-builder-el-no-sibling ' ><ul class='avia-timeline avia-timeline-vertical av-milestone-placement-alternate avia-timeline-boxshadow avia_animate_when_almost_visible avia-timeline-animate'>\n<li  class='av-milestone av-mlz21fbb-6bcdad539411c296845c206ca0ec26e4 av-animated-generic fade-in av-milestone-valign-baseline av-milestone-odd'><h2 class='av-milestone-date ' id='milestone-' aria-hidden='true' tabindex='-1'><strong><span class='av-milestone-indicator'><\/span><\/strong><\/h2><div class=\"av-milestone-icon-wrap\"><span class='av-milestone-icon milestone_icon milestone-icon-hasborder avia-font-svg_entypo-fontello'><span class='av-milestone-icon-inner milestone_inner'><i class='milestone-char avia-svg-icon avia-font-svg_entypo-fontello' data-av_svg_icon='check' data-av_iconset='svg_entypo-fontello'><svg version=\"1.1\" xmlns=\"http:\/\/www.w3.org\/2000\/svg\" width=\"21\" height=\"32\" viewBox=\"0 0 21 32\" preserveAspectRatio=\"xMidYMid meet\" aria-labelledby='av-svg-title-1' aria-describedby='av-svg-desc-1' role=\"graphics-symbol\">\n<title id='av-svg-title-1'>Check<\/title>\n<desc id='av-svg-desc-1'>Check<\/desc>\n<path d=\"M7.968 27.2q-1.088 0-1.792-0.896l-5.76-7.552q-0.512-0.768-0.384-1.664t0.832-1.472 1.632-0.448 1.504 0.896l3.776 4.928 9.472-15.168q0.512-0.768 1.376-0.96t1.696 0.256q0.768 0.512 0.96 1.376t-0.256 1.696l-11.2 17.92q-0.64 1.024-1.792 1.024z\"><\/path>\n<\/svg><\/i><\/span><\/span><\/div><article class='av-milestone-content-wrap'><div class='av-milestone-contentbox'><header class=\"entry-content-header\" aria-label=\"Milestone: 1. Connect Easily\"><h4 class='av-milestone-title '>1. Connect Easily<\/h4><\/header><div class='av-milestone-content'><p><span class=\"HwtZe\" lang=\"en\"><span class=\"jCAhz ChMk0b\"><span class=\"ryNqvb\">We will call you via video call at the agreed-upon time using your preferred platform: WhatsApp Video, Skype, Zoom, or Meet.<\/span><\/span><\/span><\/p>\n<\/div><\/div><footer class='av-milestone-article-footer entry-footer'><\/footer><\/article><\/li>\n<li  class='av-milestone av-mlz21fbb-7-f985640467bf53964b798450ee47e78b av-animated-generic fade-in av-milestone-valign-baseline av-milestone-even'><article class='av-milestone-content-wrap'><div class='av-milestone-contentbox'><header class=\"entry-content-header\" aria-label=\"Milestone: 2. Discover Your Diagnosis\"><h4 class='av-milestone-title '>2. Discover Your Diagnosis<\/h4><\/header><div class='av-milestone-content'><p><span class=\"HwtZe\" lang=\"en\"><span class=\"jCAhz ChMk0b\"><span class=\"ryNqvb\">Receive a clear and detailed diagnosis of your symptoms, with the attention and time you deserve.<\/span><\/span><\/span><\/p>\n<\/div><\/div><footer class='av-milestone-article-footer entry-footer'><\/footer><\/article><div class=\"av-milestone-icon-wrap\"><span class='av-milestone-icon milestone_icon milestone-icon-hasborder avia-font-svg_entypo-fontello'><span class='av-milestone-icon-inner milestone_inner'><i class='milestone-char avia-svg-icon avia-font-svg_entypo-fontello' data-av_svg_icon='check' data-av_iconset='svg_entypo-fontello'><svg version=\"1.1\" xmlns=\"http:\/\/www.w3.org\/2000\/svg\" width=\"21\" height=\"32\" viewBox=\"0 0 21 32\" preserveAspectRatio=\"xMidYMid meet\" aria-labelledby='av-svg-title-2' aria-describedby='av-svg-desc-2' role=\"graphics-symbol\">\n<title id='av-svg-title-2'>Check<\/title>\n<desc id='av-svg-desc-2'>Check<\/desc>\n<path d=\"M7.968 27.2q-1.088 0-1.792-0.896l-5.76-7.552q-0.512-0.768-0.384-1.664t0.832-1.472 1.632-0.448 1.504 0.896l3.776 4.928 9.472-15.168q0.512-0.768 1.376-0.96t1.696 0.256q0.768 0.512 0.96 1.376t-0.256 1.696l-11.2 17.92q-0.64 1.024-1.792 1.024z\"><\/path>\n<\/svg><\/i><\/span><\/span><\/div><h2 class='av-milestone-date ' id='milestone-' aria-hidden='true' tabindex='-1'><strong><span class='av-milestone-indicator'><\/span><\/strong><\/h2><\/li>\n<li  class='av-milestone av-mlz21fbb-6-ebc698a036e422332aa9f5968bb7d3d5 av-animated-generic fade-in av-milestone-valign-baseline av-milestone-odd'><h2 class='av-milestone-date ' id='milestone-' aria-hidden='true' tabindex='-1'><strong><span class='av-milestone-indicator'><\/span><\/strong><\/h2><div class=\"av-milestone-icon-wrap\"><span class='av-milestone-icon milestone_icon milestone-icon-hasborder avia-font-svg_entypo-fontello'><span class='av-milestone-icon-inner milestone_inner'><i class='milestone-char avia-svg-icon avia-font-svg_entypo-fontello' data-av_svg_icon='check' data-av_iconset='svg_entypo-fontello'><svg version=\"1.1\" xmlns=\"http:\/\/www.w3.org\/2000\/svg\" width=\"21\" height=\"32\" viewBox=\"0 0 21 32\" preserveAspectRatio=\"xMidYMid meet\" aria-labelledby='av-svg-title-3' aria-describedby='av-svg-desc-3' role=\"graphics-symbol\">\n<title id='av-svg-title-3'>Check<\/title>\n<desc id='av-svg-desc-3'>Check<\/desc>\n<path d=\"M7.968 27.2q-1.088 0-1.792-0.896l-5.76-7.552q-0.512-0.768-0.384-1.664t0.832-1.472 1.632-0.448 1.504 0.896l3.776 4.928 9.472-15.168q0.512-0.768 1.376-0.96t1.696 0.256q0.768 0.512 0.96 1.376t-0.256 1.696l-11.2 17.92q-0.64 1.024-1.792 1.024z\"><\/path>\n<\/svg><\/i><\/span><\/span><\/div><article class='av-milestone-content-wrap'><div class='av-milestone-contentbox'><header class=\"entry-content-header\" aria-label=\"Milestone: 3. Receive the Best Treatment\"><h4 class='av-milestone-title '>3. Receive the Best Treatment<\/h4><\/header><div class='av-milestone-content'><p><span class=\"HwtZe\" lang=\"en\"><span class=\"jCAhz ChMk0b\"><span class=\"ryNqvb\">Get a precise treatment plan, including medication prescriptions and test requests if necessary.<\/span><\/span><\/span><\/p>\n<\/div><\/div><footer class='av-milestone-article-footer entry-footer'><\/footer><\/article><\/li>\n<li  class='av-milestone av-mlz21fbb-5-ee8717300781c378d1c47d6cc311cfcc av-animated-generic fade-in av-milestone-valign-baseline av-milestone-even'><article class='av-milestone-content-wrap'><div class='av-milestone-contentbox'><header class=\"entry-content-header\" aria-label=\"Milestone: 4. Always Supported\"><h4 class='av-milestone-title '>4. Always Supported<\/h4><\/header><div class='av-milestone-content'><p><span class=\"HwtZe\" lang=\"en\"><span class=\"jCAhz ChMk0b\"><span class=\"ryNqvb\">In addition to video calls, you can continuously monitor your progress via text messaging (WhatsApp or Telegram).<\/span><\/span><\/span><\/p>\n<\/div><\/div><footer class='av-milestone-article-footer entry-footer'><\/footer><\/article><div class=\"av-milestone-icon-wrap\"><span class='av-milestone-icon milestone_icon milestone-icon-hasborder avia-font-svg_entypo-fontello'><span class='av-milestone-icon-inner milestone_inner'><i class='milestone-char avia-svg-icon avia-font-svg_entypo-fontello' data-av_svg_icon='check' data-av_iconset='svg_entypo-fontello'><svg version=\"1.1\" xmlns=\"http:\/\/www.w3.org\/2000\/svg\" width=\"21\" height=\"32\" viewBox=\"0 0 21 32\" preserveAspectRatio=\"xMidYMid meet\" aria-labelledby='av-svg-title-4' aria-describedby='av-svg-desc-4' role=\"graphics-symbol\">\n<title id='av-svg-title-4'>Check<\/title>\n<desc id='av-svg-desc-4'>Check<\/desc>\n<path d=\"M7.968 27.2q-1.088 0-1.792-0.896l-5.76-7.552q-0.512-0.768-0.384-1.664t0.832-1.472 1.632-0.448 1.504 0.896l3.776 4.928 9.472-15.168q0.512-0.768 1.376-0.96t1.696 0.256q0.768 0.512 0.96 1.376t-0.256 1.696l-11.2 17.92q-0.64 1.024-1.792 1.024z\"><\/path>\n<\/svg><\/i><\/span><\/span><\/div><h2 class='av-milestone-date ' id='milestone-' aria-hidden='true' tabindex='-1'><strong><span class='av-milestone-indicator'><\/span><\/strong><\/h2><\/li>\n<\/ul><\/div><\/div><div  class='flex_column av-x8xe-8d5144a31c67e57eee3cd15845ecf634 av_one_full  avia-builder-el-18  el_after_av_one_full  avia-builder-el-last  first flex_column_div av-animated-generic bottom-to-top  column-top-margin'     ><div  class='avia-button-wrap av-mlz27rqa-2bd4b9ab146c3e49a8e0742443e5af08-wrap avia-button-center  avia-builder-el-19  avia-builder-el-no-sibling '>\n<style type=\"text\/css\" data-created_by=\"avia_inline_auto\" id=\"style-css-av-mlz27rqa-2bd4b9ab146c3e49a8e0742443e5af08\">\n#top #wrap_all .avia-button.av-mlz27rqa-2bd4b9ab146c3e49a8e0742443e5af08{\nbackground-color:#2f5d85;\nbackground:linear-gradient( to bottom, #2f5d85, #345270, #274e6f );\nborder-style:none;\ntransition:all 0.4s ease-in-out;\n}\n#top #wrap_all .avia-button.av-mlz27rqa-2bd4b9ab146c3e49a8e0742443e5af08:hover{\nopacity:0.7;\ncolor:white;\ntransition:all 0.4s ease-in-out;\n}\n#top #wrap_all .avia-button.av-mlz27rqa-2bd4b9ab146c3e49a8e0742443e5af08:hover .avia-svg-icon svg:first-child{\nfill:white;\nstroke:white;\n}\n<\/style>\n<a href='https:\/\/app.proclinica.es\/client-portal\/Cl%C3%ADnica%20ORL%20Bonanova\/ec88fc82-d467-4b79-bcfc-06b09186c5cf\/office\/201'  class='avia-button av-mlz27rqa-2bd4b9ab146c3e49a8e0742443e5af08 av-link-btn avia-icon_select-no avia-size-large avia-position-center avia-font-color-theme-color'  target=\"_blank\"  rel=\"noopener noreferrer\"  aria-label=\"Book an Appointment Here\"><span class='avia_iconbox_title' >Book an Appointment Here<\/span><\/a><\/div><\/div>\n\n","protected":false},"excerpt":{"rendered":"","protected":false},"author":1,"featured_media":0,"parent":0,"menu_order":0,"comment_status":"closed","ping_status":"closed","template":"","meta":{"footnotes":""},"class_list":["post-753","page","type-page","status-publish","hentry"],"yoast_head":"<!-- This site is optimized with the Yoast SEO plugin v27.4 - https:\/\/yoast.com\/product\/yoast-seo-wordpress\/ -->\n<title>Telemedicina en Barcelona - Dra. Miriam Hamdan<\/title>\n<meta name=\"description\" content=\"Consulta online de otorrinolaringolog\u00eda con atenci\u00f3n m\u00e9dica segura y personalizada. Videollamada y diagn\u00f3stico sin desplazamientos.\" \/>\n<meta name=\"robots\" content=\"index, follow, max-snippet:-1, max-image-preview:large, max-video-preview:-1\" \/>\n<link rel=\"canonical\" href=\"https:\/\/doctorahamdan.com\/en\/telemedicine\/\" \/>\n<meta property=\"og:locale\" content=\"en_US\" \/>\n<meta property=\"og:type\" content=\"article\" \/>\n<meta property=\"og:title\" content=\"Telemedicina en Barcelona - Dra. Miriam Hamdan\" \/>\n<meta property=\"og:description\" content=\"Consulta online de otorrinolaringolog\u00eda con atenci\u00f3n m\u00e9dica segura y personalizada. Videollamada y diagn\u00f3stico sin desplazamientos.\" \/>\n<meta property=\"og:url\" content=\"https:\/\/doctorahamdan.com\/en\/telemedicine\/\" \/>\n<meta property=\"og:site_name\" content=\"Dra. Miriam Hamdan\" \/>\n<meta property=\"article:modified_time\" content=\"2026-04-10T11:57:36+00:00\" \/>\n<meta name=\"twitter:card\" content=\"summary_large_image\" \/>\n<meta name=\"twitter:label1\" content=\"Est. reading time\" \/>\n\t<meta name=\"twitter:data1\" content=\"1 minute\" \/>\n<script type=\"application\/ld+json\" class=\"yoast-schema-graph\">{\"@context\":\"https:\\\/\\\/schema.org\",\"@graph\":[{\"@type\":\"WebPage\",\"@id\":\"https:\\\/\\\/doctorahamdan.com\\\/en\\\/telemedicine\\\/\",\"url\":\"https:\\\/\\\/doctorahamdan.com\\\/en\\\/telemedicine\\\/\",\"name\":\"Telemedicina en Barcelona - Dra. Miriam Hamdan\",\"isPartOf\":{\"@id\":\"https:\\\/\\\/doctorahamdan.com\\\/en\\\/#website\"},\"datePublished\":\"2026-02-02T11:27:24+00:00\",\"dateModified\":\"2026-04-10T11:57:36+00:00\",\"description\":\"Consulta online de otorrinolaringolog\u00eda con atenci\u00f3n m\u00e9dica segura y personalizada. Videollamada y diagn\u00f3stico sin desplazamientos.\",\"breadcrumb\":{\"@id\":\"https:\\\/\\\/doctorahamdan.com\\\/en\\\/telemedicine\\\/#breadcrumb\"},\"inLanguage\":\"en-US\",\"potentialAction\":[{\"@type\":\"ReadAction\",\"target\":[\"https:\\\/\\\/doctorahamdan.com\\\/en\\\/telemedicine\\\/\"]}]},{\"@type\":\"BreadcrumbList\",\"@id\":\"https:\\\/\\\/doctorahamdan.com\\\/en\\\/telemedicine\\\/#breadcrumb\",\"itemListElement\":[{\"@type\":\"ListItem\",\"position\":1,\"name\":\"Portada\",\"item\":\"https:\\\/\\\/doctorahamdan.com\\\/en\\\/inicio\\\/\"},{\"@type\":\"ListItem\",\"position\":2,\"name\":\"Telemedicine\"}]},{\"@type\":\"WebSite\",\"@id\":\"https:\\\/\\\/doctorahamdan.com\\\/en\\\/#website\",\"url\":\"https:\\\/\\\/doctorahamdan.com\\\/en\\\/\",\"name\":\"Dra. Miriam Hamdan\",\"description\":\"\",\"potentialAction\":[{\"@type\":\"SearchAction\",\"target\":{\"@type\":\"EntryPoint\",\"urlTemplate\":\"https:\\\/\\\/doctorahamdan.com\\\/en\\\/?s={search_term_string}\"},\"query-input\":{\"@type\":\"PropertyValueSpecification\",\"valueRequired\":true,\"valueName\":\"search_term_string\"}}],\"inLanguage\":\"en-US\"}]}<\/script>\n<!-- \/ Yoast SEO plugin. -->","yoast_head_json":{"title":"Telemedicina en Barcelona - Dra. Miriam Hamdan","description":"Consulta online de otorrinolaringolog\u00eda con atenci\u00f3n m\u00e9dica segura y personalizada. Videollamada y diagn\u00f3stico sin desplazamientos.","robots":{"index":"index","follow":"follow","max-snippet":"max-snippet:-1","max-image-preview":"max-image-preview:large","max-video-preview":"max-video-preview:-1"},"canonical":"https:\/\/doctorahamdan.com\/en\/telemedicine\/","og_locale":"en_US","og_type":"article","og_title":"Telemedicina en Barcelona - Dra. Miriam Hamdan","og_description":"Consulta online de otorrinolaringolog\u00eda con atenci\u00f3n m\u00e9dica segura y personalizada. Videollamada y diagn\u00f3stico sin desplazamientos.","og_url":"https:\/\/doctorahamdan.com\/en\/telemedicine\/","og_site_name":"Dra. Miriam Hamdan","article_modified_time":"2026-04-10T11:57:36+00:00","twitter_card":"summary_large_image","twitter_misc":{"Est. reading time":"1 minute"},"schema":{"@context":"https:\/\/schema.org","@graph":[{"@type":"WebPage","@id":"https:\/\/doctorahamdan.com\/en\/telemedicine\/","url":"https:\/\/doctorahamdan.com\/en\/telemedicine\/","name":"Telemedicina en Barcelona - Dra. Miriam Hamdan","isPartOf":{"@id":"https:\/\/doctorahamdan.com\/en\/#website"},"datePublished":"2026-02-02T11:27:24+00:00","dateModified":"2026-04-10T11:57:36+00:00","description":"Consulta online de otorrinolaringolog\u00eda con atenci\u00f3n m\u00e9dica segura y personalizada. Videollamada y diagn\u00f3stico sin desplazamientos.","breadcrumb":{"@id":"https:\/\/doctorahamdan.com\/en\/telemedicine\/#breadcrumb"},"inLanguage":"en-US","potentialAction":[{"@type":"ReadAction","target":["https:\/\/doctorahamdan.com\/en\/telemedicine\/"]}]},{"@type":"BreadcrumbList","@id":"https:\/\/doctorahamdan.com\/en\/telemedicine\/#breadcrumb","itemListElement":[{"@type":"ListItem","position":1,"name":"Portada","item":"https:\/\/doctorahamdan.com\/en\/inicio\/"},{"@type":"ListItem","position":2,"name":"Telemedicine"}]},{"@type":"WebSite","@id":"https:\/\/doctorahamdan.com\/en\/#website","url":"https:\/\/doctorahamdan.com\/en\/","name":"Dra. Miriam Hamdan","description":"","potentialAction":[{"@type":"SearchAction","target":{"@type":"EntryPoint","urlTemplate":"https:\/\/doctorahamdan.com\/en\/?s={search_term_string}"},"query-input":{"@type":"PropertyValueSpecification","valueRequired":true,"valueName":"search_term_string"}}],"inLanguage":"en-US"}]}},"_links":{"self":[{"href":"https:\/\/doctorahamdan.com\/en\/wp-json\/wp\/v2\/pages\/753","targetHints":{"allow":["GET"]}}],"collection":[{"href":"https:\/\/doctorahamdan.com\/en\/wp-json\/wp\/v2\/pages"}],"about":[{"href":"https:\/\/doctorahamdan.com\/en\/wp-json\/wp\/v2\/types\/page"}],"author":[{"embeddable":true,"href":"https:\/\/doctorahamdan.com\/en\/wp-json\/wp\/v2\/users\/1"}],"replies":[{"embeddable":true,"href":"https:\/\/doctorahamdan.com\/en\/wp-json\/wp\/v2\/comments?post=753"}],"version-history":[{"count":5,"href":"https:\/\/doctorahamdan.com\/en\/wp-json\/wp\/v2\/pages\/753\/revisions"}],"predecessor-version":[{"id":922,"href":"https:\/\/doctorahamdan.com\/en\/wp-json\/wp\/v2\/pages\/753\/revisions\/922"}],"wp:attachment":[{"href":"https:\/\/doctorahamdan.com\/en\/wp-json\/wp\/v2\/media?parent=753"}],"curies":[{"name":"wp","href":"https:\/\/api.w.org\/{rel}","templated":true}]}}